{"id":5698,"date":"2022-01-15T15:29:46","date_gmt":"2022-01-15T14:29:46","guid":{"rendered":"https:\/\/www.pomme.it\/core-business-e-core-competenze\/"},"modified":"2022-07-08T14:23:24","modified_gmt":"2022-07-08T12:23:24","slug":"core-business-and-core-competence","status":"publish","type":"page","link":"https:\/\/www.pomme.it\/en\/core-business-and-core-competence\/","title":{"rendered":"Core Business and Core Competence"},"content":{"rendered":"<div class=\"wpb-content-wrapper\"><p>[vc_section][vc_row full_width=&#8221;stretch_row_content_no_spaces&#8221; awb_type=&#8221;image&#8221; awb_image_background_position=&#8221;50% 50%&#8221; el_id=&#8221;corebusiness-en&#8221; awb_image=&#8221;4898&#8243;][vc_column][\/vc_column][\/vc_row][\/vc_section][vc_row][vc_column]<div class=\"ult-spacer spacer-69f283305613f\" data-id=\"69f283305613f\" data-height=\"80\" data-height-mobile=\"80\" data-height-tab=\"80\" data-height-tab-portrait=\"\" data-height-mobile-landscape=\"\" style=\"clear:both;display:block;\"><\/div><div id=\"ultimate-heading-671269f283305623f\" class=\"uvc-heading ult-adjust-bottom-margin ultimate-heading-671269f283305623f uvc-1724 \" data-hspacer=\"no_spacer\"  data-halign=\"left\" style=\"text-align:left\"><div class=\"uvc-heading-spacer no_spacer\" style=\"top\"><\/div><div class=\"uvc-main-heading ult-responsive\"  data-ultimate-target='.uvc-heading.ultimate-heading-671269f283305623f h2'  data-responsive-json-new='{\"font-size\":\"\",\"line-height\":\"\"}' ><h2 style=\"font-weight:normal;\">Core Business and Core Competence<\/h2><\/div><\/div><div class=\"ult-spacer spacer-69f283305631e\" data-id=\"69f283305631e\" data-height=\"40\" data-height-mobile=\"40\" data-height-tab=\"40\" data-height-tab-portrait=\"\" data-height-mobile-landscape=\"\" style=\"clear:both;display:block;\"><\/div>[vc_column_text]Pomme\u2019s Core Business is: Customer Oriented, and that is full customer satisfaction.<br \/>\nThis means that for the company, the main activity, the primary interest around which the whole company strategy is linked to, is customer satisfaction.<br \/>\nWhile, Excellence, Ethics and Eco-Sustainability, are the basis on which the company philosophy is founded, the Core Business represents the attention to the distinctive element, and thus the Core Competence (distinctive competences), to maximize the competitive advantage, that is, those features, that aim at making the company competitive<\/p>\n<p style=\"margin-bottom: 5px;\">The main important elements of Core Competence that Pomme has at its disposal are:<\/p>\n<ul>\n<li>Headquarters and Location (prestige, comfortable, innovative and stimulating workplaces; innovative systems, equipment and machinery);<\/li>\n<li>Corporate Identity (Vision, Mission, Core Values, Ethical Code);<\/li>\n<li>System International Certifications (ISO 9001, ISO 45001, ISO 14001,\u00a0 ISO 31000, ISO 27001, SA 8000);<\/li>\n<li>Organizational Structure (Management Principles, Strategic Program, Organizational Planning, Management Process);<\/li>\n<li>Corporate Setting (Board of Directors and Chief Executive Officer, Share Capital of \u20ac 1,000,000.00, democratic management, broad delegation, great information sharing);<\/li>\n<li>and whatever else follows and derives from it.<\/li>\n<\/ul>\n<p style=\"margin-top: 15px;\">All this certainly gives the company a competitive advantage, in which focus is essential.<br \/>\nA focus represented by the Core Business (full customer satisfaction), which becomes central element of the business strategy, to have stable and positive long-term performance.<\/p>\n<p>[\/vc_column_text]<div class=\"ult-spacer spacer-69f28330563a4\" data-id=\"69f28330563a4\" data-height=\"10\" data-height-mobile=\"5\" data-height-tab=\"\" data-height-tab-portrait=\"\" data-height-mobile-landscape=\"\" style=\"clear:both;display:block;\"><\/div>[\/vc_column][\/vc_row]<\/p>\n<\/div>","protected":false},"excerpt":{"rendered":"<p>[vc_section][vc_row full_width=&#8221;stretch_row_content_no_spaces&#8221; awb_type=&#8221;image&#8221; awb_image_background_position=&#8221;50% 50%&#8221; el_id=&#8221;corebusiness-en&#8221; awb_image=&#8221;4898&#8243;][vc_column][\/vc_column][\/vc_row][\/vc_section][vc_row][vc_column][vc_column_text]Pomme\u2019s Core Business is: Customer Oriented, and that is full customer satisfaction. This means that for the company, the main activity, the primary interest around which the whole company strategy is linked to, is customer satisfaction. While, Excellence, Ethics and Eco-Sustainability, are the basis on which the company philosophy [&hellip;]<\/p>\n","protected":false},"author":3,"featured_media":0,"parent":0,"menu_order":0,"comment_status":"closed","ping_status":"closed","template":"template-custom-page.php","meta":{"_acf_changed":false,"_vp_format_video_url":"","_vp_image_focal_point":[],"footnotes":""},"acf":[],"yoast_head":"<!-- This site is optimized with the Yoast SEO plugin v23.0 - https:\/\/yoast.com\/wordpress\/plugins\/seo\/ -->\n<title>Core Business and Core Competence - Pomme Manifatture S.r.l.<\/title>\n<meta name=\"description\" content=\"Il Core Business, la principale attivit\u00e0 della Pomme Manifatture \u00e8: Customer Oriented e cio\u00e8 la piena soddisfazione del cliente.\" \/>\n<meta name=\"robots\" content=\"index, follow, max-snippet:-1, max-image-preview:large, max-video-preview:-1\" \/>\n<link rel=\"canonical\" href=\"https:\/\/www.pomme.it\/en\/core-business-and-core-competence\/\" \/>\n<meta property=\"og:locale\" content=\"en_US\" \/>\n<meta property=\"og:type\" content=\"article\" \/>\n<meta property=\"og:title\" content=\"Core Business and Core Competence - Pomme Manifatture S.r.l.\" \/>\n<meta property=\"og:description\" content=\"Il Core Business, la principale attivit\u00e0 della Pomme Manifatture \u00e8: Customer Oriented e cio\u00e8 la piena soddisfazione del cliente.\" \/>\n<meta property=\"og:url\" content=\"https:\/\/www.pomme.it\/en\/core-business-and-core-competence\/\" \/>\n<meta property=\"og:site_name\" content=\"Pomme Manifatture S.r.l.\" \/>\n<meta property=\"article:modified_time\" content=\"2022-07-08T12:23:24+00:00\" \/>\n<meta name=\"twitter:card\" content=\"summary_large_image\" \/>\n<script type=\"application\/ld+json\" class=\"yoast-schema-graph\">{\"@context\":\"https:\/\/schema.org\",\"@graph\":[{\"@type\":\"WebPage\",\"@id\":\"https:\/\/www.pomme.it\/en\/core-business-and-core-competence\/\",\"url\":\"https:\/\/www.pomme.it\/en\/core-business-and-core-competence\/\",\"name\":\"Core Business and Core Competence - Pomme Manifatture S.r.l.\",\"isPartOf\":{\"@id\":\"https:\/\/www.pomme.it\/en\/#website\"},\"datePublished\":\"2022-01-15T14:29:46+00:00\",\"dateModified\":\"2022-07-08T12:23:24+00:00\",\"description\":\"Il Core Business, la principale attivit\u00e0 della Pomme Manifatture \u00e8: Customer Oriented e cio\u00e8 la piena soddisfazione del cliente.\",\"breadcrumb\":{\"@id\":\"https:\/\/www.pomme.it\/en\/core-business-and-core-competence\/#breadcrumb\"},\"inLanguage\":\"en-US\",\"potentialAction\":[{\"@type\":\"ReadAction\",\"target\":[\"https:\/\/www.pomme.it\/en\/core-business-and-core-competence\/\"]}]},{\"@type\":\"BreadcrumbList\",\"@id\":\"https:\/\/www.pomme.it\/en\/core-business-and-core-competence\/#breadcrumb\",\"itemListElement\":[{\"@type\":\"ListItem\",\"position\":1,\"name\":\"Home\",\"item\":\"https:\/\/www.pomme.it\/en\/\"},{\"@type\":\"ListItem\",\"position\":2,\"name\":\"Core Business and Core Competence\"}]},{\"@type\":\"WebSite\",\"@id\":\"https:\/\/www.pomme.it\/en\/#website\",\"url\":\"https:\/\/www.pomme.it\/en\/\",\"name\":\"Pomme Manifatture S.r.l.\",\"description\":\"L\u2019Eccellenza con l\u2019Etica\",\"publisher\":{\"@id\":\"https:\/\/www.pomme.it\/en\/#organization\"},\"potentialAction\":[{\"@type\":\"SearchAction\",\"target\":{\"@type\":\"EntryPoint\",\"urlTemplate\":\"https:\/\/www.pomme.it\/en\/?s={search_term_string}\"},\"query-input\":\"required name=search_term_string\"}],\"inLanguage\":\"en-US\"},{\"@type\":\"Organization\",\"@id\":\"https:\/\/www.pomme.it\/en\/#organization\",\"name\":\"Pomme Manifatture S.r.l.\",\"url\":\"https:\/\/www.pomme.it\/en\/\",\"logo\":{\"@type\":\"ImageObject\",\"inLanguage\":\"en-US\",\"@id\":\"https:\/\/www.pomme.it\/en\/#\/schema\/logo\/image\/\",\"url\":\"https:\/\/pomme.it\/wp-content\/uploads\/2017\/01\/logo_grigio_383838.png\",\"contentUrl\":\"https:\/\/pomme.it\/wp-content\/uploads\/2017\/01\/logo_grigio_383838.png\",\"width\":250,\"height\":70,\"caption\":\"Pomme Manifatture S.r.l.\"},\"image\":{\"@id\":\"https:\/\/www.pomme.it\/en\/#\/schema\/logo\/image\/\"}}]}<\/script>\n<!-- \/ Yoast SEO plugin. -->","yoast_head_json":{"title":"Core Business and Core Competence - Pomme Manifatture S.r.l.","description":"Il Core Business, la principale attivit\u00e0 della Pomme Manifatture \u00e8: Customer Oriented e cio\u00e8 la piena soddisfazione del cliente.","robots":{"index":"index","follow":"follow","max-snippet":"max-snippet:-1","max-image-preview":"max-image-preview:large","max-video-preview":"max-video-preview:-1"},"canonical":"https:\/\/www.pomme.it\/en\/core-business-and-core-competence\/","og_locale":"en_US","og_type":"article","og_title":"Core Business and Core Competence - Pomme Manifatture S.r.l.","og_description":"Il Core Business, la principale attivit\u00e0 della Pomme Manifatture \u00e8: Customer Oriented e cio\u00e8 la piena soddisfazione del cliente.","og_url":"https:\/\/www.pomme.it\/en\/core-business-and-core-competence\/","og_site_name":"Pomme Manifatture S.r.l.","article_modified_time":"2022-07-08T12:23:24+00:00","twitter_card":"summary_large_image","schema":{"@context":"https:\/\/schema.org","@graph":[{"@type":"WebPage","@id":"https:\/\/www.pomme.it\/en\/core-business-and-core-competence\/","url":"https:\/\/www.pomme.it\/en\/core-business-and-core-competence\/","name":"Core Business and Core Competence - Pomme Manifatture S.r.l.","isPartOf":{"@id":"https:\/\/www.pomme.it\/en\/#website"},"datePublished":"2022-01-15T14:29:46+00:00","dateModified":"2022-07-08T12:23:24+00:00","description":"Il Core Business, la principale attivit\u00e0 della Pomme Manifatture \u00e8: Customer Oriented e cio\u00e8 la piena soddisfazione del cliente.","breadcrumb":{"@id":"https:\/\/www.pomme.it\/en\/core-business-and-core-competence\/#breadcrumb"},"inLanguage":"en-US","potentialAction":[{"@type":"ReadAction","target":["https:\/\/www.pomme.it\/en\/core-business-and-core-competence\/"]}]},{"@type":"BreadcrumbList","@id":"https:\/\/www.pomme.it\/en\/core-business-and-core-competence\/#breadcrumb","itemListElement":[{"@type":"ListItem","position":1,"name":"Home","item":"https:\/\/www.pomme.it\/en\/"},{"@type":"ListItem","position":2,"name":"Core Business and Core Competence"}]},{"@type":"WebSite","@id":"https:\/\/www.pomme.it\/en\/#website","url":"https:\/\/www.pomme.it\/en\/","name":"Pomme Manifatture S.r.l.","description":"L\u2019Eccellenza con l\u2019Etica","publisher":{"@id":"https:\/\/www.pomme.it\/en\/#organization"},"potentialAction":[{"@type":"SearchAction","target":{"@type":"EntryPoint","urlTemplate":"https:\/\/www.pomme.it\/en\/?s={search_term_string}"},"query-input":"required name=search_term_string"}],"inLanguage":"en-US"},{"@type":"Organization","@id":"https:\/\/www.pomme.it\/en\/#organization","name":"Pomme Manifatture S.r.l.","url":"https:\/\/www.pomme.it\/en\/","logo":{"@type":"ImageObject","inLanguage":"en-US","@id":"https:\/\/www.pomme.it\/en\/#\/schema\/logo\/image\/","url":"https:\/\/pomme.it\/wp-content\/uploads\/2017\/01\/logo_grigio_383838.png","contentUrl":"https:\/\/pomme.it\/wp-content\/uploads\/2017\/01\/logo_grigio_383838.png","width":250,"height":70,"caption":"Pomme Manifatture S.r.l."},"image":{"@id":"https:\/\/www.pomme.it\/en\/#\/schema\/logo\/image\/"}}]}},"_links":{"self":[{"href":"https:\/\/www.pomme.it\/en\/wp-json\/wp\/v2\/pages\/5698"}],"collection":[{"href":"https:\/\/www.pomme.it\/en\/wp-json\/wp\/v2\/pages"}],"about":[{"href":"https:\/\/www.pomme.it\/en\/wp-json\/wp\/v2\/types\/page"}],"author":[{"embeddable":true,"href":"https:\/\/www.pomme.it\/en\/wp-json\/wp\/v2\/users\/3"}],"replies":[{"embeddable":true,"href":"https:\/\/www.pomme.it\/en\/wp-json\/wp\/v2\/comments?post=5698"}],"version-history":[{"count":0,"href":"https:\/\/www.pomme.it\/en\/wp-json\/wp\/v2\/pages\/5698\/revisions"}],"wp:attachment":[{"href":"https:\/\/www.pomme.it\/en\/wp-json\/wp\/v2\/media?parent=5698"}],"curies":[{"name":"wp","href":"https:\/\/api.w.org\/{rel}","templated":true}]}}