{"id":5704,"date":"2022-01-17T13:15:50","date_gmt":"2022-01-17T12:15:50","guid":{"rendered":"https:\/\/www.pomme.it\/made-in-italy-in-pomme\/"},"modified":"2022-01-26T18:40:52","modified_gmt":"2022-01-26T17:40:52","slug":"made-in-italy-in-pomme","status":"publish","type":"page","link":"https:\/\/www.pomme.it\/en\/made-in-italy-in-pomme\/","title":{"rendered":"Made in Italy in Pomme"},"content":{"rendered":"<div class=\"wpb-content-wrapper\"><p>[vc_section][vc_row full_width=&#8221;stretch_row_content_no_spaces&#8221; awb_type=&#8221;image&#8221; awb_image_background_position=&#8221;50% 50%&#8221; el_id=&#8221;madeinitaly-en&#8221; awb_image=&#8221;5853&#8243;][vc_column][\/vc_column][\/vc_row][\/vc_section][vc_section][vc_row][vc_column]<div class=\"ult-spacer spacer-69f2832fc9dc9\" data-id=\"69f2832fc9dc9\" data-height=\"80\" data-height-mobile=\"80\" data-height-tab=\"80\" data-height-tab-portrait=\"\" data-height-mobile-landscape=\"\" style=\"clear:both;display:block;\"><\/div><div id=\"ultimate-heading-724269f2832fc9e96\" class=\"uvc-heading ult-adjust-bottom-margin ultimate-heading-724269f2832fc9e96 uvc-9484 \" data-hspacer=\"no_spacer\"  data-halign=\"left\" style=\"text-align:left\"><div class=\"uvc-heading-spacer no_spacer\" style=\"top\"><\/div><div class=\"uvc-main-heading ult-responsive\"  data-ultimate-target='.uvc-heading.ultimate-heading-724269f2832fc9e96 h2'  data-responsive-json-new='{\"font-size\":\"\",\"line-height\":\"\"}' ><h2 style=\"font-weight:normal;\">Made in Italy in Pomme<\/h2><\/div><\/div><div class=\"ult-spacer spacer-69f2832fc9f60\" data-id=\"69f2832fc9f60\" data-height=\"40\" data-height-mobile=\"40\" data-height-tab=\"40\" data-height-tab-portrait=\"\" data-height-mobile-landscape=\"\" style=\"clear:both;display:block;\"><\/div>[\/vc_column][\/vc_row][vc_row css=&#8221;.vc_custom_1619346611126{margin-bottom: 40px !important;}&#8221;][vc_column]<div class=\"ult-spacer spacer-69f2832fc9fdd\" data-id=\"69f2832fc9fdd\" data-height=\"20\" data-height-mobile=\"20\" data-height-tab=\"20\" data-height-tab-portrait=\"\" data-height-mobile-landscape=\"\" style=\"clear:both;display:block;\"><\/div>[vc_column_text]<!-- \/wp:paragraph -->For Pomme, the expression Made in Italy, besides as well as being synonymous with elegance, originality, creativity, with a style that lasts over time, embodies the concept of quality (ISO 9001), ethics (SA 8000 and Ethical Code) and eco-sustainability (ISO 14001), but mainly of excellence (vision, mission, organizational, managerial and strategic program), distinguishing itself for its manual skills and craftsmanship, with the research and care, with extreme passion, of the smallest details, and therefore of unique creations, which adapt perfectly to customer needs.<\/p>\n<p style=\"margin-bottom: 5px;\">The Made in Italy carried out in Pomme, creates an opening where creativity and tradition melt, crating products of great value, on the basis of prestige that \u201cMade in Italy\u201d collects all over the world, to which some distinctive characteristics are recognized, which Pomme collects, and to which it refers, that are:<\/p>\n<ul>\n<li>high quality level of production and materials;<\/li>\n<li>style;<\/li>\n<li>elegance;<\/li>\n<li>innovation;<\/li>\n<li>attention to details;<\/li>\n<li>creativity, fantasy, and inspiration;<\/li>\n<li>problem solving ability;<\/li>\n<li>professionalism;<\/li>\n<li>tradition and expert craftmanship.<\/li>\n<\/ul>\n<p style=\"margin-top: 15px;\">The combination of all these characteristics is indicated precisely with the expression Made in Italy, that is, a real brand, recognized, appreciated and loved all over the world, which represents creativity, quality and the Italian lifestyle.<br \/>\nAnd Made in Italy, also means enhancing the human factor, which plays an important role in the fashion sector, where manual skills and craftsmanship are fundamental elements. And in Pomme, this element is a fundamental principle of its philosophy, as well as the bond with the customer, with whom the aim is to share values (ethics), among which environmental sustainability stands out, to guarantee and protect future generations.<\/p>\n<p>[\/vc_column_text]<div class=\"ult-spacer spacer-69f2832fca055\" data-id=\"69f2832fca055\" data-height=\"10\" data-height-mobile=\"5\" data-height-tab=\"\" data-height-tab-portrait=\"\" data-height-mobile-landscape=\"\" style=\"clear:both;display:block;\"><\/div>[\/vc_column][\/vc_row][\/vc_section]<\/p>\n<\/div>","protected":false},"excerpt":{"rendered":"<p>[vc_section][vc_row full_width=&#8221;stretch_row_content_no_spaces&#8221; awb_type=&#8221;image&#8221; awb_image_background_position=&#8221;50% 50%&#8221; el_id=&#8221;madeinitaly-en&#8221; awb_image=&#8221;5853&#8243;][vc_column][\/vc_column][\/vc_row][\/vc_section][vc_section][vc_row][vc_column][\/vc_column][\/vc_row][vc_row css=&#8221;.vc_custom_1619346611126{margin-bottom: 40px !important;}&#8221;][vc_column][vc_column_text]For Pomme, the expression Made in Italy, besides as well as being synonymous with elegance, originality, creativity, with a style that lasts over time, embodies the concept of quality (ISO 9001), ethics (SA 8000 and Ethical Code) and eco-sustainability (ISO 14001), but mainly of excellence (vision, [&hellip;]<\/p>\n","protected":false},"author":3,"featured_media":0,"parent":0,"menu_order":0,"comment_status":"closed","ping_status":"closed","template":"template-custom-page.php","meta":{"_acf_changed":false,"_vp_format_video_url":"","_vp_image_focal_point":[],"footnotes":""},"acf":[],"yoast_head":"<!-- This site is optimized with the Yoast SEO plugin v23.0 - https:\/\/yoast.com\/wordpress\/plugins\/seo\/ -->\n<title>Made in Italy in Pomme - Pomme Manifatture S.r.l.<\/title>\n<meta name=\"description\" content=\"Per la Pomme, l\u2019espressione Made in Italy, oltre ad essere un\u2019indicazione di provenienza, racchiude in s\u00e9 il concetto di qualit\u00e0 (ISO 9001), etica (SA 8000 e Codice Etico) ed ecosostenibilit\u00e0 (ISO 14001), ma principalmente dell\u2019eccellenza\" \/>\n<meta name=\"robots\" content=\"index, follow, max-snippet:-1, max-image-preview:large, max-video-preview:-1\" \/>\n<link rel=\"canonical\" href=\"https:\/\/www.pomme.it\/en\/made-in-italy-in-pomme\/\" \/>\n<meta property=\"og:locale\" content=\"en_US\" \/>\n<meta property=\"og:type\" content=\"article\" \/>\n<meta property=\"og:title\" content=\"Made in Italy in Pomme - Pomme Manifatture S.r.l.\" \/>\n<meta property=\"og:description\" content=\"Per la Pomme, l\u2019espressione Made in Italy, oltre ad essere un\u2019indicazione di provenienza, racchiude in s\u00e9 il concetto di qualit\u00e0 (ISO 9001), etica (SA 8000 e Codice Etico) ed ecosostenibilit\u00e0 (ISO 14001), ma principalmente dell\u2019eccellenza\" \/>\n<meta property=\"og:url\" content=\"https:\/\/www.pomme.it\/en\/made-in-italy-in-pomme\/\" \/>\n<meta property=\"og:site_name\" content=\"Pomme Manifatture S.r.l.\" \/>\n<meta property=\"article:modified_time\" content=\"2022-01-26T17:40:52+00:00\" \/>\n<meta name=\"twitter:card\" content=\"summary_large_image\" \/>\n<script type=\"application\/ld+json\" class=\"yoast-schema-graph\">{\"@context\":\"https:\/\/schema.org\",\"@graph\":[{\"@type\":\"WebPage\",\"@id\":\"https:\/\/www.pomme.it\/en\/made-in-italy-in-pomme\/\",\"url\":\"https:\/\/www.pomme.it\/en\/made-in-italy-in-pomme\/\",\"name\":\"Made in Italy in Pomme - Pomme Manifatture S.r.l.\",\"isPartOf\":{\"@id\":\"https:\/\/www.pomme.it\/en\/#website\"},\"datePublished\":\"2022-01-17T12:15:50+00:00\",\"dateModified\":\"2022-01-26T17:40:52+00:00\",\"description\":\"Per la Pomme, l\u2019espressione Made in Italy, oltre ad essere un\u2019indicazione di provenienza, racchiude in s\u00e9 il concetto di qualit\u00e0 (ISO 9001), etica (SA 8000 e Codice Etico) ed ecosostenibilit\u00e0 (ISO 14001), ma principalmente dell\u2019eccellenza\",\"breadcrumb\":{\"@id\":\"https:\/\/www.pomme.it\/en\/made-in-italy-in-pomme\/#breadcrumb\"},\"inLanguage\":\"en-US\",\"potentialAction\":[{\"@type\":\"ReadAction\",\"target\":[\"https:\/\/www.pomme.it\/en\/made-in-italy-in-pomme\/\"]}]},{\"@type\":\"BreadcrumbList\",\"@id\":\"https:\/\/www.pomme.it\/en\/made-in-italy-in-pomme\/#breadcrumb\",\"itemListElement\":[{\"@type\":\"ListItem\",\"position\":1,\"name\":\"Home\",\"item\":\"https:\/\/www.pomme.it\/en\/\"},{\"@type\":\"ListItem\",\"position\":2,\"name\":\"Made in Italy in Pomme\"}]},{\"@type\":\"WebSite\",\"@id\":\"https:\/\/www.pomme.it\/en\/#website\",\"url\":\"https:\/\/www.pomme.it\/en\/\",\"name\":\"Pomme Manifatture S.r.l.\",\"description\":\"L\u2019Eccellenza con l\u2019Etica\",\"publisher\":{\"@id\":\"https:\/\/www.pomme.it\/en\/#organization\"},\"potentialAction\":[{\"@type\":\"SearchAction\",\"target\":{\"@type\":\"EntryPoint\",\"urlTemplate\":\"https:\/\/www.pomme.it\/en\/?s={search_term_string}\"},\"query-input\":\"required name=search_term_string\"}],\"inLanguage\":\"en-US\"},{\"@type\":\"Organization\",\"@id\":\"https:\/\/www.pomme.it\/en\/#organization\",\"name\":\"Pomme Manifatture S.r.l.\",\"url\":\"https:\/\/www.pomme.it\/en\/\",\"logo\":{\"@type\":\"ImageObject\",\"inLanguage\":\"en-US\",\"@id\":\"https:\/\/www.pomme.it\/en\/#\/schema\/logo\/image\/\",\"url\":\"https:\/\/pomme.it\/wp-content\/uploads\/2017\/01\/logo_grigio_383838.png\",\"contentUrl\":\"https:\/\/pomme.it\/wp-content\/uploads\/2017\/01\/logo_grigio_383838.png\",\"width\":250,\"height\":70,\"caption\":\"Pomme Manifatture S.r.l.\"},\"image\":{\"@id\":\"https:\/\/www.pomme.it\/en\/#\/schema\/logo\/image\/\"}}]}<\/script>\n<!-- \/ Yoast SEO plugin. -->","yoast_head_json":{"title":"Made in Italy in Pomme - Pomme Manifatture S.r.l.","description":"Per la Pomme, l\u2019espressione Made in Italy, oltre ad essere un\u2019indicazione di provenienza, racchiude in s\u00e9 il concetto di qualit\u00e0 (ISO 9001), etica (SA 8000 e Codice Etico) ed ecosostenibilit\u00e0 (ISO 14001), ma principalmente dell\u2019eccellenza","robots":{"index":"index","follow":"follow","max-snippet":"max-snippet:-1","max-image-preview":"max-image-preview:large","max-video-preview":"max-video-preview:-1"},"canonical":"https:\/\/www.pomme.it\/en\/made-in-italy-in-pomme\/","og_locale":"en_US","og_type":"article","og_title":"Made in Italy in Pomme - Pomme Manifatture S.r.l.","og_description":"Per la Pomme, l\u2019espressione Made in Italy, oltre ad essere un\u2019indicazione di provenienza, racchiude in s\u00e9 il concetto di qualit\u00e0 (ISO 9001), etica (SA 8000 e Codice Etico) ed ecosostenibilit\u00e0 (ISO 14001), ma principalmente dell\u2019eccellenza","og_url":"https:\/\/www.pomme.it\/en\/made-in-italy-in-pomme\/","og_site_name":"Pomme Manifatture S.r.l.","article_modified_time":"2022-01-26T17:40:52+00:00","twitter_card":"summary_large_image","schema":{"@context":"https:\/\/schema.org","@graph":[{"@type":"WebPage","@id":"https:\/\/www.pomme.it\/en\/made-in-italy-in-pomme\/","url":"https:\/\/www.pomme.it\/en\/made-in-italy-in-pomme\/","name":"Made in Italy in Pomme - Pomme Manifatture S.r.l.","isPartOf":{"@id":"https:\/\/www.pomme.it\/en\/#website"},"datePublished":"2022-01-17T12:15:50+00:00","dateModified":"2022-01-26T17:40:52+00:00","description":"Per la Pomme, l\u2019espressione Made in Italy, oltre ad essere un\u2019indicazione di provenienza, racchiude in s\u00e9 il concetto di qualit\u00e0 (ISO 9001), etica (SA 8000 e Codice Etico) ed ecosostenibilit\u00e0 (ISO 14001), ma principalmente dell\u2019eccellenza","breadcrumb":{"@id":"https:\/\/www.pomme.it\/en\/made-in-italy-in-pomme\/#breadcrumb"},"inLanguage":"en-US","potentialAction":[{"@type":"ReadAction","target":["https:\/\/www.pomme.it\/en\/made-in-italy-in-pomme\/"]}]},{"@type":"BreadcrumbList","@id":"https:\/\/www.pomme.it\/en\/made-in-italy-in-pomme\/#breadcrumb","itemListElement":[{"@type":"ListItem","position":1,"name":"Home","item":"https:\/\/www.pomme.it\/en\/"},{"@type":"ListItem","position":2,"name":"Made in Italy in Pomme"}]},{"@type":"WebSite","@id":"https:\/\/www.pomme.it\/en\/#website","url":"https:\/\/www.pomme.it\/en\/","name":"Pomme Manifatture S.r.l.","description":"L\u2019Eccellenza con l\u2019Etica","publisher":{"@id":"https:\/\/www.pomme.it\/en\/#organization"},"potentialAction":[{"@type":"SearchAction","target":{"@type":"EntryPoint","urlTemplate":"https:\/\/www.pomme.it\/en\/?s={search_term_string}"},"query-input":"required name=search_term_string"}],"inLanguage":"en-US"},{"@type":"Organization","@id":"https:\/\/www.pomme.it\/en\/#organization","name":"Pomme Manifatture S.r.l.","url":"https:\/\/www.pomme.it\/en\/","logo":{"@type":"ImageObject","inLanguage":"en-US","@id":"https:\/\/www.pomme.it\/en\/#\/schema\/logo\/image\/","url":"https:\/\/pomme.it\/wp-content\/uploads\/2017\/01\/logo_grigio_383838.png","contentUrl":"https:\/\/pomme.it\/wp-content\/uploads\/2017\/01\/logo_grigio_383838.png","width":250,"height":70,"caption":"Pomme Manifatture S.r.l."},"image":{"@id":"https:\/\/www.pomme.it\/en\/#\/schema\/logo\/image\/"}}]}},"_links":{"self":[{"href":"https:\/\/www.pomme.it\/en\/wp-json\/wp\/v2\/pages\/5704"}],"collection":[{"href":"https:\/\/www.pomme.it\/en\/wp-json\/wp\/v2\/pages"}],"about":[{"href":"https:\/\/www.pomme.it\/en\/wp-json\/wp\/v2\/types\/page"}],"author":[{"embeddable":true,"href":"https:\/\/www.pomme.it\/en\/wp-json\/wp\/v2\/users\/3"}],"replies":[{"embeddable":true,"href":"https:\/\/www.pomme.it\/en\/wp-json\/wp\/v2\/comments?post=5704"}],"version-history":[{"count":0,"href":"https:\/\/www.pomme.it\/en\/wp-json\/wp\/v2\/pages\/5704\/revisions"}],"wp:attachment":[{"href":"https:\/\/www.pomme.it\/en\/wp-json\/wp\/v2\/media?parent=5704"}],"curies":[{"name":"wp","href":"https:\/\/api.w.org\/{rel}","templated":true}]}}